{"id":56,"date":"2025-12-15T10:54:20","date_gmt":"2025-12-15T07:54:20","guid":{"rendered":"https:\/\/www.emrekural.com\/de\/?page_id=56"},"modified":"2025-12-24T16:27:21","modified_gmt":"2025-12-24T13:27:21","slug":"uber-uns","status":"publish","type":"page","link":"https:\/\/www.emrekural.com\/de\/uber-uns\/","title":{"rendered":"\u00dcber Uns"},"content":{"rendered":"<p>Nach seinem Abschluss an der Fakult\u00e4t f\u00fcr Zahnmedizin der Hacettepe-Universit\u00e4t hat er in den Bereichen transparente Aligner, kieferorthop\u00e4dische Behandlungen und \u00e4sthetische Zahnmedizin gearbeitet und bietet weiterhin vorwiegend Behandlungen mit Fokus auf \u00e4sthetische Frontzahnverfahren an, darunter Zirkonkronen, Porzellanveneers und \u00e4sthetische F\u00fcllungen.<\/p>\n<p>**Besuchte Kongresse und Seminare;**<\/p>\n<p>* 21. Internationaler TDB-Kongress<br \/>\n* EDAD \u2013 Adhesion Update Seminar Zertifikat<br \/>\n* EDAD Smile-Design-Zertifikat<br \/>\n* EDAD Zertifikat f\u00fcr implantatgetragene \u00e4sthetische Prothesengestaltung<br \/>\n* 21. Internationaler TDB-Kongress \u2013 Digital Smile Design Zertifikat<br \/>\n* 20. Internationaler EDAD-Kongress<br \/>\n* Dentsem Porzellanlaminat-Zertifikat<br \/>\n* Dentsem Diastema-Schluss Kurszertifikat<br \/>\n* Dentsem Kompositlaminat-Zertifikat<br \/>\n* Bego Dental-Implantologie-Zertifikat<br \/>\n* Bego Zertifikat f\u00fcr fortgeschrittene Implantatchirurgie<br \/>\n* Medizinische Universit\u00e4t Wien \u2013 Zertifikat f\u00fcr Human-Kadaver-Dissektionskurse<\/p>\n","protected":false},"excerpt":{"rendered":"<p>Nach seinem Abschluss an der Fakult\u00e4t f\u00fcr Zahnmedizin der Hacettepe-Universit\u00e4t hat er in den Bereichen transparente Aligner, kieferorthop\u00e4dische Behandlungen und \u00e4sthetische Zahnmedizin gearbeitet und bietet weiterhin vorwiegend Behandlungen mit Fokus auf \u00e4sthetische Frontzahnverfahren an, darunter Zirkonkronen, Porzellanveneers und \u00e4sthetische F\u00fcllungen. **Besuchte Kongresse und Seminare;** * 21. Internationaler TDB-Kongress * EDAD \u2013 Adhesion Update Seminar Zertifikat [&hellip;]<\/p>\n","protected":false},"author":1,"featured_media":238,"parent":0,"menu_order":0,"comment_status":"closed","ping_status":"closed","template":"","meta":{"footnotes":""},"class_list":["post-56","page","type-page","status-publish","has-post-thumbnail","hentry"],"_links":{"self":[{"href":"https:\/\/www.emrekural.com\/de\/wp-json\/wp\/v2\/pages\/56","targetHints":{"allow":["GET"]}}],"collection":[{"href":"https:\/\/www.emrekural.com\/de\/wp-json\/wp\/v2\/pages"}],"about":[{"href":"https:\/\/www.emrekural.com\/de\/wp-json\/wp\/v2\/types\/page"}],"author":[{"embeddable":true,"href":"https:\/\/www.emrekural.com\/de\/wp-json\/wp\/v2\/users\/1"}],"replies":[{"embeddable":true,"href":"https:\/\/www.emrekural.com\/de\/wp-json\/wp\/v2\/comments?post=56"}],"version-history":[{"count":7,"href":"https:\/\/www.emrekural.com\/de\/wp-json\/wp\/v2\/pages\/56\/revisions"}],"predecessor-version":[{"id":239,"href":"https:\/\/www.emrekural.com\/de\/wp-json\/wp\/v2\/pages\/56\/revisions\/239"}],"wp:featuredmedia":[{"embeddable":true,"href":"https:\/\/www.emrekural.com\/de\/wp-json\/wp\/v2\/media\/238"}],"wp:attachment":[{"href":"https:\/\/www.emrekural.com\/de\/wp-json\/wp\/v2\/media?parent=56"}],"curies":[{"name":"wp","href":"https:\/\/api.w.org\/{rel}","templated":true}]}}